{"id":12383,"date":"2022-12-20T09:03:32","date_gmt":"2022-12-20T09:03:32","guid":{"rendered":"https:\/\/tetraon.com.tr\/?page_id=12383"},"modified":"2022-12-30T09:22:46","modified_gmt":"2022-12-30T09:22:46","slug":"exactrac-dynamic","status":"publish","type":"page","link":"https:\/\/tetraon.com.tr\/en\/exactrac-dynamic\/","title":{"rendered":"ExacTrac Dynamic"},"content":{"rendered":"<div data-elementor-type=\"wp-page\" data-elementor-id=\"12383\" class=\"elementor elementor-12383\">\n\t\t\t\t\t\t<section class=\"elementor-section elementor-top-section elementor-element elementor-element-96f501f elementor-section-stretched elementor-section-boxed elementor-section-height-default elementor-section-height-default\" data-id=\"96f501f\" data-element_type=\"section\" data-settings=\"{&quot;stretch_section&quot;:&quot;section-stretched&quot;,&quot;background_background&quot;:&quot;classic&quot;}\">\n\t\t\t\t\t\t<div class=\"elementor-container elementor-column-gap-default\">\n\t\t\t\t\t<div class=\"elementor-column elementor-col-100 elementor-top-column elementor-element elementor-element-a9cdc6b\" data-id=\"a9cdc6b\" data-element_type=\"column\">\n\t\t\t<div class=\"elementor-widget-wrap elementor-element-populated\">\n\t\t\t\t\t\t<div class=\"elementor-element elementor-element-233cef0 elementor-widget elementor-widget-text-editor\" data-id=\"233cef0\" data-element_type=\"widget\" data-widget_type=\"text-editor.default\">\n\t\t\t\t<div class=\"elementor-widget-container\">\n\t\t\t<style>\/*! elementor - v3.20.0 - 26-03-2024 *\/\n.elementor-widget-text-editor.elementor-drop-cap-view-stacked .elementor-drop-cap{background-color:#69727d;color:#fff}.elementor-widget-text-editor.elementor-drop-cap-view-framed .elementor-drop-cap{color:#69727d;border:3px solid;background-color:transparent}.elementor-widget-text-editor:not(.elementor-drop-cap-view-default) .elementor-drop-cap{margin-top:8px}.elementor-widget-text-editor:not(.elementor-drop-cap-view-default) .elementor-drop-cap-letter{width:1em;height:1em}.elementor-widget-text-editor .elementor-drop-cap{float:left;text-align:center;line-height:1;font-size:50px}.elementor-widget-text-editor .elementor-drop-cap-letter{display:inline-block}<\/style>\t\t\t\tExacTrac Dynamic\n\t\t\t\t\t\t<\/div>\n\t\t\t\t<\/div>\n\t\t\t\t<div class=\"elementor-element elementor-element-3347c68 elementor-widget elementor-widget-heading\" data-id=\"3347c68\" data-element_type=\"widget\" data-widget_type=\"heading.default\">\n\t\t\t\t<div class=\"elementor-widget-container\">\n\t\t\t<style>\/*! elementor - v3.20.0 - 26-03-2024 *\/\n.elementor-heading-title{padding:0;margin:0;line-height:1}.elementor-widget-heading .elementor-heading-title[class*=elementor-size-]>a{color:inherit;font-size:inherit;line-height:inherit}.elementor-widget-heading .elementor-heading-title.elementor-size-small{font-size:15px}.elementor-widget-heading .elementor-heading-title.elementor-size-medium{font-size:19px}.elementor-widget-heading .elementor-heading-title.elementor-size-large{font-size:29px}.elementor-widget-heading .elementor-heading-title.elementor-size-xl{font-size:39px}.elementor-widget-heading .elementor-heading-title.elementor-size-xxl{font-size:59px}<\/style><h2 class=\"elementor-heading-title elementor-size-default\">Precision Patient Monitoring<\/h2>\t\t<\/div>\n\t\t\t\t<\/div>\n\t\t\t\t<div class=\"elementor-element elementor-element-353f4e9 elementor-widget elementor-widget-heading\" data-id=\"353f4e9\" data-element_type=\"widget\" data-widget_type=\"heading.default\">\n\t\t\t\t<div class=\"elementor-widget-container\">\n\t\t\t<h2 class=\"elementor-heading-title elementor-size-default\">for Radiotherapy <\/h2>\t\t<\/div>\n\t\t\t\t<\/div>\n\t\t\t\t<section class=\"elementor-section elementor-inner-section elementor-element elementor-element-947e61c elementor-section-boxed elementor-section-height-default elementor-section-height-default\" data-id=\"947e61c\" data-element_type=\"section\">\n\t\t\t\t\t\t<div class=\"elementor-container elementor-column-gap-default\">\n\t\t\t\t\t<div class=\"elementor-column elementor-col-100 elementor-inner-column elementor-element elementor-element-b2e7dc1\" data-id=\"b2e7dc1\" data-element_type=\"column\">\n\t\t\t<div class=\"elementor-widget-wrap elementor-element-populated\">\n\t\t\t\t\t\t<div class=\"elementor-element elementor-element-02cbd93 elementor-widget elementor-widget-button\" data-id=\"02cbd93\" data-element_type=\"widget\" data-widget_type=\"button.default\">\n\t\t\t\t<div class=\"elementor-widget-container\">\n\t\t\t\t\t<div class=\"elementor-button-wrapper\">\n\t\t\t<a class=\"elementor-button elementor-button-link elementor-size-sm\" href=\"https:\/\/youtu.be\/vfN98tI6rcY\" target=\"_blank\" rel=\"nofollow\">\n\t\t\t\t\t\t<span class=\"elementor-button-content-wrapper\">\n\t\t\t\t\t\t<span class=\"elementor-button-text\">Videoyu \u0130zle<\/span>\n\t\t<\/span>\n\t\t\t\t\t<\/a>\n\t\t<\/div>\n\t\t\t\t<\/div>\n\t\t\t\t<\/div>\n\t\t\t\t\t<\/div>\n\t\t<\/div>\n\t\t\t\t\t<\/div>\n\t\t<\/section>\n\t\t\t\t\t<\/div>\n\t\t<\/div>\n\t\t\t\t\t<\/div>\n\t\t<\/section>\n\t\t\t\t<section class=\"elementor-section elementor-top-section elementor-element elementor-element-9429b22 elementor-section-stretched elementor-section-boxed elementor-section-height-default elementor-section-height-default\" data-id=\"9429b22\" data-element_type=\"section\" data-settings=\"{&quot;stretch_section&quot;:&quot;section-stretched&quot;,&quot;background_background&quot;:&quot;classic&quot;}\">\n\t\t\t\t\t\t<div class=\"elementor-container elementor-column-gap-default\">\n\t\t\t\t\t<div class=\"elementor-column elementor-col-100 elementor-top-column elementor-element elementor-element-1541f06\" data-id=\"1541f06\" data-element_type=\"column\">\n\t\t\t<div class=\"elementor-widget-wrap elementor-element-populated\">\n\t\t\t\t\t\t<div class=\"elementor-element elementor-element-1f0928d elementor-widget elementor-widget-text-editor\" data-id=\"1f0928d\" data-element_type=\"widget\" data-widget_type=\"text-editor.default\">\n\t\t\t\t<div class=\"elementor-widget-container\">\n\t\t\t\t\t\t\t<p>Achieve submillimetric radiotherapy positioning &amp;<br \/>monitoring accuracy<\/p>\t\t\t\t\t\t<\/div>\n\t\t\t\t<\/div>\n\t\t\t\t<div class=\"elementor-element elementor-element-965c213 elementor-widget elementor-widget-text-editor\" data-id=\"965c213\" data-element_type=\"widget\" data-widget_type=\"text-editor.default\">\n\t\t\t\t<div class=\"elementor-widget-container\">\n\t\t\t\t\t\t\t<p><span>ExacTrac Dynamic unifies the power and precision of cutting-edge tracking technologies. Deliver high-precision treatments for a wide range of patient positioning and monitoring workflows including cranial and prostate. This all-in-one system\u2019s revolutionary new thermal-surface camera technology works in tandem with real-time X-Ray tracking for extraordinary accuracy. <\/span><\/p>\t\t\t\t\t\t<\/div>\n\t\t\t\t<\/div>\n\t\t\t\t\t<\/div>\n\t\t<\/div>\n\t\t\t\t\t<\/div>\n\t\t<\/section>\n\t\t\t\t<section class=\"elementor-section elementor-top-section elementor-element elementor-element-3d5d478 elementor-section-boxed elementor-section-height-default elementor-section-height-default\" data-id=\"3d5d478\" data-element_type=\"section\">\n\t\t\t\t\t\t<div class=\"elementor-container elementor-column-gap-default\">\n\t\t\t\t\t<div class=\"elementor-column elementor-col-100 elementor-top-column elementor-element elementor-element-885d750\" data-id=\"885d750\" data-element_type=\"column\">\n\t\t\t<div class=\"elementor-widget-wrap elementor-element-populated\">\n\t\t\t\t\t\t<div class=\"elementor-element elementor-element-55310d1 elementor-widget elementor-widget-text-editor\" data-id=\"55310d1\" data-element_type=\"widget\" data-widget_type=\"text-editor.default\">\n\t\t\t\t<div class=\"elementor-widget-container\">\n\t\t\t\t\t\t\tMerging surface &amp; X-Ray tracking \t\t\t\t\t\t<\/div>\n\t\t\t\t<\/div>\n\t\t\t\t\t<\/div>\n\t\t<\/div>\n\t\t\t\t\t<\/div>\n\t\t<\/section>\n\t\t\t\t<section class=\"elementor-section elementor-top-section elementor-element elementor-element-2ee6d16 elementor-section-stretched elementor-section-boxed elementor-section-height-default elementor-section-height-default\" data-id=\"2ee6d16\" data-element_type=\"section\" data-settings=\"{&quot;background_background&quot;:&quot;gradient&quot;,&quot;stretch_section&quot;:&quot;section-stretched&quot;}\">\n\t\t\t\t\t\t<div class=\"elementor-container elementor-column-gap-default\">\n\t\t\t\t\t<div class=\"elementor-column elementor-col-50 elementor-top-column elementor-element elementor-element-c3fe78a\" data-id=\"c3fe78a\" data-element_type=\"column\">\n\t\t\t<div class=\"elementor-widget-wrap elementor-element-populated\">\n\t\t\t\t\t\t<div class=\"elementor-element elementor-element-a21fea9 elementor-widget elementor-widget-image\" data-id=\"a21fea9\" data-element_type=\"widget\" data-widget_type=\"image.default\">\n\t\t\t\t<div class=\"elementor-widget-container\">\n\t\t\t<style>\/*! elementor - v3.20.0 - 26-03-2024 *\/\n.elementor-widget-image{text-align:center}.elementor-widget-image a{display:inline-block}.elementor-widget-image a img[src$=\".svg\"]{width:48px}.elementor-widget-image img{vertical-align:middle;display:inline-block}<\/style>\t\t\t\t\t\t\t\t\t\t<img fetchpriority=\"high\" decoding=\"async\" width=\"1024\" height=\"576\" src=\"https:\/\/tetraon.com.tr\/wp-content\/uploads\/2022\/11\/camera_front_20190114-1024x576.jpg\" class=\"attachment-large size-large wp-image-12155\" alt=\"\" srcset=\"https:\/\/tetraon.com.tr\/wp-content\/uploads\/2022\/11\/camera_front_20190114-1024x576.jpg 1024w, https:\/\/tetraon.com.tr\/wp-content\/uploads\/2022\/11\/camera_front_20190114-300x169.jpg 300w, https:\/\/tetraon.com.tr\/wp-content\/uploads\/2022\/11\/camera_front_20190114-768x432.jpg 768w, https:\/\/tetraon.com.tr\/wp-content\/uploads\/2022\/11\/camera_front_20190114-1536x864.jpg 1536w, https:\/\/tetraon.com.tr\/wp-content\/uploads\/2022\/11\/camera_front_20190114-18x10.jpg 18w, https:\/\/tetraon.com.tr\/wp-content\/uploads\/2022\/11\/camera_front_20190114.jpg 2048w\" sizes=\"(max-width: 1024px) 100vw, 1024px\" \/>\t\t\t\t\t\t\t\t\t\t\t\t\t<\/div>\n\t\t\t\t<\/div>\n\t\t\t\t\t<\/div>\n\t\t<\/div>\n\t\t\t\t<div class=\"elementor-column elementor-col-50 elementor-top-column elementor-element elementor-element-e96b251\" data-id=\"e96b251\" data-element_type=\"column\">\n\t\t\t<div class=\"elementor-widget-wrap elementor-element-populated\">\n\t\t\t\t\t\t<div class=\"elementor-element elementor-element-029c783 elementor-widget elementor-widget-image\" data-id=\"029c783\" data-element_type=\"widget\" data-widget_type=\"image.default\">\n\t\t\t\t<div class=\"elementor-widget-container\">\n\t\t\t\t\t\t\t\t\t\t\t\t\t<img decoding=\"async\" width=\"1024\" height=\"576\" src=\"https:\/\/tetraon.com.tr\/wp-content\/uploads\/2022\/11\/on-floor-box-1024x576.jpg\" class=\"attachment-large size-large wp-image-12160\" alt=\"\" srcset=\"https:\/\/tetraon.com.tr\/wp-content\/uploads\/2022\/11\/on-floor-box-1024x576.jpg 1024w, https:\/\/tetraon.com.tr\/wp-content\/uploads\/2022\/11\/on-floor-box-300x169.jpg 300w, https:\/\/tetraon.com.tr\/wp-content\/uploads\/2022\/11\/on-floor-box-768x432.jpg 768w, https:\/\/tetraon.com.tr\/wp-content\/uploads\/2022\/11\/on-floor-box-1536x864.jpg 1536w, https:\/\/tetraon.com.tr\/wp-content\/uploads\/2022\/11\/on-floor-box-18x10.jpg 18w, https:\/\/tetraon.com.tr\/wp-content\/uploads\/2022\/11\/on-floor-box.jpg 2000w\" sizes=\"(max-width: 1024px) 100vw, 1024px\" \/>\t\t\t\t\t\t\t\t\t\t\t\t\t<\/div>\n\t\t\t\t<\/div>\n\t\t\t\t\t<\/div>\n\t\t<\/div>\n\t\t\t\t\t<\/div>\n\t\t<\/section>\n\t\t\t\t<section class=\"elementor-section elementor-top-section elementor-element elementor-element-d3055fc elementor-section-stretched elementor-section-boxed elementor-section-height-default elementor-section-height-default\" data-id=\"d3055fc\" data-element_type=\"section\" data-settings=\"{&quot;stretch_section&quot;:&quot;section-stretched&quot;,&quot;background_background&quot;:&quot;classic&quot;}\">\n\t\t\t\t\t\t<div class=\"elementor-container elementor-column-gap-default\">\n\t\t\t\t\t<div class=\"elementor-column elementor-col-100 elementor-top-column elementor-element elementor-element-c03ed38\" data-id=\"c03ed38\" data-element_type=\"column\">\n\t\t\t<div class=\"elementor-widget-wrap elementor-element-populated\">\n\t\t\t\t\t\t<div class=\"elementor-element elementor-element-5069500 elementor-align-center elementor-widget elementor-widget-button\" data-id=\"5069500\" data-element_type=\"widget\" data-widget_type=\"button.default\">\n\t\t\t\t<div class=\"elementor-widget-container\">\n\t\t\t\t\t<div class=\"elementor-button-wrapper\">\n\t\t\t<a class=\"elementor-button elementor-button-link elementor-size-xl\" href=\"https:\/\/www.brainlab.com\/radiosurgery-products\/exactrac\/\" target=\"_blank\" rel=\"nofollow\">\n\t\t\t\t\t\t<span class=\"elementor-button-content-wrapper\">\n\t\t\t\t\t\t<span class=\"elementor-button-icon elementor-align-icon-right\">\n\t\t\t\t<i aria-hidden=\"true\" class=\"fas fa-angle-double-right\"><\/i>\t\t\t<\/span>\n\t\t\t\t\t\t<span class=\"elementor-button-text\">For more information<\/span>\n\t\t<\/span>\n\t\t\t\t\t<\/a>\n\t\t<\/div>\n\t\t\t\t<\/div>\n\t\t\t\t<\/div>\n\t\t\t\t\t<\/div>\n\t\t<\/div>\n\t\t\t\t\t<\/div>\n\t\t<\/section>\n\t\t\t\t<\/div>","protected":false},"excerpt":{"rendered":"<p>ExacTrac Dynamic Hassas Hasta \u0130zleme Radyoterapi i\u00e7in Videoyu \u0130zle Submilimetrik radyoterapi konumland\u0131rma ve izlemedo\u011frulu\u011fu elde edin ExacTrac Dynamic, son teknoloji izleme teknolojilerinin g\u00fcc\u00fcn\u00fc ve hassasiyetini birle\u015ftirir. Kranial ve prostat dahil olmak \u00fczere \u00e7ok \u00e7e\u015fitli hasta konumland\u0131rma ve izleme i\u015f ak\u0131\u015flar\u0131 i\u00e7in y\u00fcksek hassasiyetli tedaviler sunun. Bu hepsi bir arada sistemin devrim niteli\u011findeki yeni termal y\u00fczey &hellip;<\/p>\n<p class=\"read-more\"> <a class=\"\" href=\"https:\/\/tetraon.com.tr\/en\/exactrac-dynamic\/\"> <span class=\"screen-reader-text\">ExacTrac Dynamic<\/span> Read More \u00bb<\/a><\/p>","protected":false},"author":6,"featured_media":0,"parent":0,"menu_order":0,"comment_status":"closed","ping_status":"closed","template":"","meta":{"site-sidebar-layout":"default","site-content-layout":"","ast-site-content-layout":"","site-content-style":"default","site-sidebar-style":"default","ast-global-header-display":"","ast-banner-title-visibility":"","ast-main-header-display":"","ast-hfb-above-header-display":"","ast-hfb-below-header-display":"","ast-hfb-mobile-header-display":"","site-post-title":"","ast-breadcrumbs-content":"","ast-featured-img":"","footer-sml-layout":"","theme-transparent-header-meta":"","adv-header-id-meta":"","stick-header-meta":"","header-above-stick-meta":"","header-main-stick-meta":"","header-below-stick-meta":"","astra-migrate-meta-layouts":"","footnotes":""},"class_list":["post-12383","page","type-page","status-publish","hentry"],"_links":{"self":[{"href":"https:\/\/tetraon.com.tr\/en\/wp-json\/wp\/v2\/pages\/12383","targetHints":{"allow":["GET"]}}],"collection":[{"href":"https:\/\/tetraon.com.tr\/en\/wp-json\/wp\/v2\/pages"}],"about":[{"href":"https:\/\/tetraon.com.tr\/en\/wp-json\/wp\/v2\/types\/page"}],"author":[{"embeddable":true,"href":"https:\/\/tetraon.com.tr\/en\/wp-json\/wp\/v2\/users\/6"}],"replies":[{"embeddable":true,"href":"https:\/\/tetraon.com.tr\/en\/wp-json\/wp\/v2\/comments?post=12383"}],"version-history":[{"count":0,"href":"https:\/\/tetraon.com.tr\/en\/wp-json\/wp\/v2\/pages\/12383\/revisions"}],"wp:attachment":[{"href":"https:\/\/tetraon.com.tr\/en\/wp-json\/wp\/v2\/media?parent=12383"}],"curies":[{"name":"wp","href":"https:\/\/api.w.org\/{rel}","templated":true}]}}