{"id":11872,"date":"2022-11-03T09:54:38","date_gmt":"2022-11-03T09:54:38","guid":{"rendered":"https:\/\/demooweb.tk\/tetraon\/?page_id=11872"},"modified":"2023-10-04T12:56:30","modified_gmt":"2023-10-04T12:56:30","slug":"brainlab","status":"publish","type":"page","link":"https:\/\/tetraon.com.tr\/en\/brainlab\/","title":{"rendered":"Brainlab"},"content":{"rendered":"<div data-elementor-type=\"wp-page\" data-elementor-id=\"11872\" class=\"elementor elementor-11872\">\n\t\t\t\t\t\t<section class=\"elementor-section elementor-top-section elementor-element elementor-element-3a0f744 elementor-section-boxed elementor-section-height-default elementor-section-height-default\" data-id=\"3a0f744\" data-element_type=\"section\">\n\t\t\t\t\t\t<div class=\"elementor-container elementor-column-gap-default\">\n\t\t\t\t\t<div class=\"elementor-column elementor-col-50 elementor-top-column elementor-element elementor-element-0939d03\" data-id=\"0939d03\" data-element_type=\"column\">\n\t\t\t<div class=\"elementor-widget-wrap elementor-element-populated\">\n\t\t\t\t\t\t<div class=\"elementor-element elementor-element-6bd94b8 elementor-widget elementor-widget-image\" data-id=\"6bd94b8\" data-element_type=\"widget\" data-widget_type=\"image.default\">\n\t\t\t\t<div class=\"elementor-widget-container\">\n\t\t\t<style>\/*! elementor - v3.20.0 - 26-03-2024 *\/\n.elementor-widget-image{text-align:center}.elementor-widget-image a{display:inline-block}.elementor-widget-image a img[src$=\".svg\"]{width:48px}.elementor-widget-image img{vertical-align:middle;display:inline-block}<\/style>\t\t\t\t\t\t\t\t\t\t<img fetchpriority=\"high\" decoding=\"async\" width=\"903\" height=\"1024\" src=\"https:\/\/tetraon.com.tr\/wp-content\/uploads\/2022\/12\/001-903x1024.jpg\" class=\"attachment-large size-large wp-image-12402\" alt=\"\" srcset=\"https:\/\/tetraon.com.tr\/wp-content\/uploads\/2022\/12\/001-903x1024.jpg 903w, https:\/\/tetraon.com.tr\/wp-content\/uploads\/2022\/12\/001-264x300.jpg 264w, https:\/\/tetraon.com.tr\/wp-content\/uploads\/2022\/12\/001-768x871.jpg 768w, https:\/\/tetraon.com.tr\/wp-content\/uploads\/2022\/12\/001-11x12.jpg 11w, https:\/\/tetraon.com.tr\/wp-content\/uploads\/2022\/12\/001.jpg 952w\" sizes=\"(max-width: 903px) 100vw, 903px\" \/>\t\t\t\t\t\t\t\t\t\t\t\t\t<\/div>\n\t\t\t\t<\/div>\n\t\t\t\t<div class=\"elementor-element elementor-element-d0c8d4d elementor-align-center elementor-widget elementor-widget-button\" data-id=\"d0c8d4d\" data-element_type=\"widget\" data-widget_type=\"button.default\">\n\t\t\t\t<div class=\"elementor-widget-container\">\n\t\t\t\t\t<div class=\"elementor-button-wrapper\">\n\t\t\t<a class=\"elementor-button elementor-button-link elementor-size-xl elementor-animation-grow\" href=\"https:\/\/tetraon.com.tr\/en\/elements\/\">\n\t\t\t\t\t\t<span class=\"elementor-button-content-wrapper\">\n\t\t\t\t\t\t<span class=\"elementor-button-text\">Elements<\/span>\n\t\t<\/span>\n\t\t\t\t\t<\/a>\n\t\t<\/div>\n\t\t\t\t<\/div>\n\t\t\t\t<\/div>\n\t\t\t\t\t<\/div>\n\t\t<\/div>\n\t\t\t\t<div class=\"elementor-column elementor-col-50 elementor-top-column elementor-element elementor-element-52c2c25\" data-id=\"52c2c25\" data-element_type=\"column\">\n\t\t\t<div class=\"elementor-widget-wrap elementor-element-populated\">\n\t\t\t\t\t\t<div class=\"elementor-element elementor-element-f96ab6a elementor-widget elementor-widget-image\" data-id=\"f96ab6a\" data-element_type=\"widget\" data-widget_type=\"image.default\">\n\t\t\t\t<div class=\"elementor-widget-container\">\n\t\t\t\t\t\t\t\t\t\t\t\t\t<img decoding=\"async\" width=\"903\" height=\"1024\" src=\"https:\/\/tetraon.com.tr\/wp-content\/uploads\/2022\/12\/002-903x1024.jpg\" class=\"attachment-large size-large wp-image-12401\" alt=\"\" srcset=\"https:\/\/tetraon.com.tr\/wp-content\/uploads\/2022\/12\/002-903x1024.jpg 903w, https:\/\/tetraon.com.tr\/wp-content\/uploads\/2022\/12\/002-264x300.jpg 264w, https:\/\/tetraon.com.tr\/wp-content\/uploads\/2022\/12\/002-768x871.jpg 768w, https:\/\/tetraon.com.tr\/wp-content\/uploads\/2022\/12\/002-11x12.jpg 11w, https:\/\/tetraon.com.tr\/wp-content\/uploads\/2022\/12\/002.jpg 952w\" sizes=\"(max-width: 903px) 100vw, 903px\" \/>\t\t\t\t\t\t\t\t\t\t\t\t\t<\/div>\n\t\t\t\t<\/div>\n\t\t\t\t<div class=\"elementor-element elementor-element-916efc5 elementor-align-center elementor-widget elementor-widget-button\" data-id=\"916efc5\" data-element_type=\"widget\" data-widget_type=\"button.default\">\n\t\t\t\t<div class=\"elementor-widget-container\">\n\t\t\t\t\t<div class=\"elementor-button-wrapper\">\n\t\t\t<a class=\"elementor-button elementor-button-link elementor-size-xl elementor-animation-grow\" href=\"https:\/\/tetraon.com.tr\/en\/exactrac-dynamic\/\">\n\t\t\t\t\t\t<span class=\"elementor-button-content-wrapper\">\n\t\t\t\t\t\t<span class=\"elementor-button-text\">ExacTrac Dynam\u0131c<\/span>\n\t\t<\/span>\n\t\t\t\t\t<\/a>\n\t\t<\/div>\n\t\t\t\t<\/div>\n\t\t\t\t<\/div>\n\t\t\t\t\t<\/div>\n\t\t<\/div>\n\t\t\t\t\t<\/div>\n\t\t<\/section>\n\t\t\t\t<section class=\"elementor-section elementor-top-section elementor-element elementor-element-f7d16c6 elementor-section-boxed elementor-section-height-default elementor-section-height-default\" data-id=\"f7d16c6\" data-element_type=\"section\">\n\t\t\t\t\t\t<div class=\"elementor-container elementor-column-gap-default\">\n\t\t\t\t\t<div class=\"elementor-column elementor-col-50 elementor-top-column elementor-element elementor-element-cfc330a\" data-id=\"cfc330a\" data-element_type=\"column\">\n\t\t\t<div class=\"elementor-widget-wrap elementor-element-populated\">\n\t\t\t\t\t\t<div class=\"elementor-element elementor-element-ea15af3 elementor-widget elementor-widget-heading\" data-id=\"ea15af3\" data-element_type=\"widget\" data-widget_type=\"heading.default\">\n\t\t\t\t<div class=\"elementor-widget-container\">\n\t\t\t<style>\/*! elementor - v3.20.0 - 26-03-2024 *\/\n.elementor-heading-title{padding:0;margin:0;line-height:1}.elementor-widget-heading .elementor-heading-title[class*=elementor-size-]>a{color:inherit;font-size:inherit;line-height:inherit}.elementor-widget-heading .elementor-heading-title.elementor-size-small{font-size:15px}.elementor-widget-heading .elementor-heading-title.elementor-size-medium{font-size:19px}.elementor-widget-heading .elementor-heading-title.elementor-size-large{font-size:29px}.elementor-widget-heading .elementor-heading-title.elementor-size-xl{font-size:39px}.elementor-widget-heading .elementor-heading-title.elementor-size-xxl{font-size:59px}<\/style><h2 class=\"elementor-heading-title elementor-size-xl\">Products<\/h2>\t\t<\/div>\n\t\t\t\t<\/div>\n\t\t\t\t<div class=\"elementor-element elementor-element-4049712 elementor-widget elementor-widget-text-editor\" data-id=\"4049712\" data-element_type=\"widget\" data-widget_type=\"text-editor.default\">\n\t\t\t\t<div class=\"elementor-widget-container\">\n\t\t\t<style>\/*! elementor - v3.20.0 - 26-03-2024 *\/\n.elementor-widget-text-editor.elementor-drop-cap-view-stacked .elementor-drop-cap{background-color:#69727d;color:#fff}.elementor-widget-text-editor.elementor-drop-cap-view-framed .elementor-drop-cap{color:#69727d;border:3px solid;background-color:transparent}.elementor-widget-text-editor:not(.elementor-drop-cap-view-default) .elementor-drop-cap{margin-top:8px}.elementor-widget-text-editor:not(.elementor-drop-cap-view-default) .elementor-drop-cap-letter{width:1em;height:1em}.elementor-widget-text-editor .elementor-drop-cap{float:left;text-align:center;line-height:1;font-size:50px}.elementor-widget-text-editor .elementor-drop-cap-letter{display:inline-block}<\/style>\t\t\t\t<p><span style=\"background-color: transparent; color: #374151; font-size: 12pt; white-space-collapse: preserve;\">Brainlab has been a key player in the field of precision radiotherapy and stereotactic radiosurgery (SRS) for over three decades. After taking a deeper look at today\u2019s fundamental challenges in SRS, Brainlab has moved away from a uniform treatment planning system to a set of exceptional applications for contouring and dose planning that augment what is currently available.<\/span><\/p><h2><span style=\"color: #000000;\">Automated, Intelligent and Indication-specific Applications<\/span><\/h2><p><span style=\"background-color: transparent; color: #374151; font-size: 12pt; white-space-collapse: preserve;\">Elements allow for optimal customization around clinical needs, use standard interfaces and can function with a variety of different workflows, treatment delivery systems and positioning technologies.\u202f<\/span><\/p><ul><li><span style=\"color: #f02375;\"><b><u>Elements Cranial SRS<\/u><\/b>\u202f<\/span><span style=\"color: #374151; white-space-collapse: preserve;\">quickly creates standardized radiosurgery plans for complex cranial indications, enabling both fast planning and delivery without compromising treatment quality by leveraging a 4\u03c0\u202foptimization algorithm<\/span>.\u202f<\/li><li><strong><span style=\"color: #f02375;\"><a style=\"color: #f02375;\" href=\"https:\/\/www.brainlab.com\/radiosurgery-products\/elements\/multiple-brain-metastases\/\">Elements Multiple Brain Mets SRS<\/a><\/span><\/strong><strong style=\"font-style: inherit; background-color: var(--ast-global-color-5);\"><span style=\"color: #f02375;\">\u202f<\/span><span style=\"font-size: 12pt; font-variant-numeric: normal; font-variant-east-asian: normal; font-variant-alternates: normal; font-variant-position: normal; font-weight: 400; white-space-collapse: preserve; background-color: transparent; color: #374151; vertical-align: baseline;\">simply and flexibly creates treatment plans that enable the user to treat multiple metastases in one session with reduced toxicity and increased efficiency.<\/span><\/strong><\/li><li><strong><span style=\"color: #f02375;\"><span style=\"color: #7a7a7a;\"><span style=\"color: #f02375;\"><u>E<\/u><a style=\"color: #f02375;\" href=\"https:\/\/www.brainlab.com\/radiosurgery-products\/elements\/contrast-clearance-analysis\/\">Elements Contrast Clearance Analysis<\/a><u>lizi<\/u><\/span><\/span>\u00a0<\/span><\/strong><span style=\"font-size: 12pt; color: #374151; background-color: transparent; font-variant-numeric: normal; font-variant-east-asian: normal; font-variant-alternates: normal; font-variant-position: normal; vertical-align: baseline; white-space-collapse: preserve;\">makes differentiation of brain regions with high and low vascular activity quickly visible, helping the decision-making process in most brain tumor cases.<\/span><\/li><li><strong><span style=\"color: #f02375;\"><a style=\"color: #f02375;\" href=\"https:\/\/www.brainlab.com\/radiosurgery-products\/elements\/spine-stereotactic-radiosurgery\/\">Elements Spine SRS<\/a>\u00a0<\/span><\/strong><span style=\"font-size: 12pt; color: #374151; background-color: transparent; font-variant-numeric: normal; font-variant-east-asian: normal; font-variant-alternates: normal; font-variant-position: normal; vertical-align: baseline; white-space-collapse: preserve;\">\u00a0offers clinical efficiency during planning, including enhanced elastic co-registration between MR and CT in complex regions, consistent and standardized target definition and most accurate dose calculations utilizing Monte Carlo.<\/span><\/li><\/ul>\t\t\t\t\t\t<\/div>\n\t\t\t\t<\/div>\n\t\t\t\t\t<\/div>\n\t\t<\/div>\n\t\t\t\t<div class=\"elementor-column elementor-col-50 elementor-top-column elementor-element elementor-element-37957e1\" data-id=\"37957e1\" data-element_type=\"column\">\n\t\t\t<div class=\"elementor-widget-wrap elementor-element-populated\">\n\t\t\t\t\t\t<div class=\"elementor-element elementor-element-24b0f87 elementor-widget elementor-widget-text-editor\" data-id=\"24b0f87\" data-element_type=\"widget\" data-widget_type=\"text-editor.default\">\n\t\t\t\t<div class=\"elementor-widget-container\">\n\t\t\t\t\t\t\t<h5><strong>Positioning and Monitoring<\/strong><\/h5><p><span style=\"background-color: transparent; color: #374151; font-size: 12pt; white-space-collapse: preserve; font-family: var( --e-global-typography-text-font-family ), Sans-serif; font-weight: var( --e-global-typography-text-font-weight );\">ExacTrac Dynamic provides precise target control by enabling highly accurate patient positioning as well as intrafractional position monitoring to help clinicians deliver fast, precise image-guided radiation therapy (IGRT) for their Cranial &amp; Spinal SRS and stereotactic body radiotherapy (SBRT) patients. The system addresses a wide range of clinical challenges and facilitates the treatment of extra-cranial indications such as breast cancer using our Deep Inspiration Breath Hold (DIBH)1\u202fworkflow and prostate cancer with our Implanted Marker Monitoring workflow. A dedicated Lung Motion Management2 workflow enables the non-invasive treatment and targeting of lung lesions by precisely monitoring tumor organ motion and irradiating at a defined range of the respiratory cycle.<\/span><\/p><h5>Services Dedicated to Excellence in Radiosurgery<\/h5><p><span style=\"background-color: transparent; color: #374151; font-size: 12pt; white-space-collapse: preserve; font-family: var( --e-global-typography-text-font-family ), Sans-serif; font-weight: var( --e-global-typography-text-font-weight );\">Consistency and access to state-of-the-art care remain cornerstones of the Brainlab vision. That\u2019s why Brainlab initiated the\u202fNovalis Certified\u202fprogram to ensure that radiosurgery programs remain safe and efficient as treatments become increasingly sophisticated. Hospitals can obtain certification after they have successfully undergone an external audit conducted by the independent\u202fNovalis Circle\u202f\u202fexper&lt;t group. Brainlab customers can join the Novalis Circle, a worldwide network of clinicians dedicated to the advancement of radiosurgery. It provides a communication and collaboration network for developing new ideas and optimizing treatments that will continue to change the face of cancer treatment.<\/span><\/p><h5><span style=\"color: #000000;\">Digitizing and Analyzing Clinical Data<\/span><\/h5><p><span style=\"background-color: transparent; color: #374151; font-size: 12pt; white-space-collapse: preserve; font-family: var( --e-global-typography-text-font-family ), Sans-serif; font-weight: var( --e-global-typography-text-font-weight );\">Brainlab supports the statistical mining of data with the SRS Registry. In partnership with the American Association of Neurological Surgeons (AANS), the Registry aims to not only create benchmarks in radiosurgery but also use statistical data to drive future decisions and the evolution of care.<\/span><\/p>\t\t\t\t\t\t<\/div>\n\t\t\t\t<\/div>\n\t\t\t\t\t<\/div>\n\t\t<\/div>\n\t\t\t\t\t<\/div>\n\t\t<\/section>\n\t\t\t\t<\/div>","protected":false},"excerpt":{"rendered":"<p>Elements ExacTrac Dynam\u0131c \u00dcr\u00fcnler Brainlab, hassas radyoterapi ve stereotaktik radyocerrahi (SRS) alan\u0131nda otuz y\u0131l\u0131 a\u015fk\u0131n s\u00fcredir \u00f6nemli fig\u00fcrlerinden birisi olmu\u015ftur. Brainlab, SRS&#8217;de g\u00fcn\u00fcm\u00fcz\u00fcn temel zorluklar\u0131na daha derinlemesine bakt\u0131ktan sonra, tek tip bir tedavi planlama sisteminden, \u015fu anda mevcut olan\u0131 art\u0131ran \u015fekillendirme ve doz planlamas\u0131 i\u00e7in bir dizi ola\u011fan\u00fcst\u00fc uygulamaya ge\u00e7ti. Otomatik, Ak\u0131ll\u0131 ve Endikasyona \u00d6zg\u00fc &hellip;<\/p>\n<p class=\"read-more\"> <a class=\"\" href=\"https:\/\/tetraon.com.tr\/en\/brainlab\/\"> <span class=\"screen-reader-text\">Brainlab<\/span> Read More \u00bb<\/a><\/p>","protected":false},"author":6,"featured_media":0,"parent":0,"menu_order":0,"comment_status":"closed","ping_status":"closed","template":"","meta":{"site-sidebar-layout":"default","site-content-layout":"","ast-site-content-layout":"","site-content-style":"default","site-sidebar-style":"default","ast-global-header-display":"","ast-banner-title-visibility":"","ast-main-header-display":"","ast-hfb-above-header-display":"","ast-hfb-below-header-display":"","ast-hfb-mobile-header-display":"","site-post-title":"","ast-breadcrumbs-content":"","ast-featured-img":"","footer-sml-layout":"","theme-transparent-header-meta":"","adv-header-id-meta":"","stick-header-meta":"","header-above-stick-meta":"","header-main-stick-meta":"","header-below-stick-meta":"","astra-migrate-meta-layouts":"","footnotes":""},"class_list":["post-11872","page","type-page","status-publish","hentry"],"_links":{"self":[{"href":"https:\/\/tetraon.com.tr\/en\/wp-json\/wp\/v2\/pages\/11872","targetHints":{"allow":["GET"]}}],"collection":[{"href":"https:\/\/tetraon.com.tr\/en\/wp-json\/wp\/v2\/pages"}],"about":[{"href":"https:\/\/tetraon.com.tr\/en\/wp-json\/wp\/v2\/types\/page"}],"author":[{"embeddable":true,"href":"https:\/\/tetraon.com.tr\/en\/wp-json\/wp\/v2\/users\/6"}],"replies":[{"embeddable":true,"href":"https:\/\/tetraon.com.tr\/en\/wp-json\/wp\/v2\/comments?post=11872"}],"version-history":[{"count":6,"href":"https:\/\/tetraon.com.tr\/en\/wp-json\/wp\/v2\/pages\/11872\/revisions"}],"predecessor-version":[{"id":13362,"href":"https:\/\/tetraon.com.tr\/en\/wp-json\/wp\/v2\/pages\/11872\/revisions\/13362"}],"wp:attachment":[{"href":"https:\/\/tetraon.com.tr\/en\/wp-json\/wp\/v2\/media?parent=11872"}],"curies":[{"name":"wp","href":"https:\/\/api.w.org\/{rel}","templated":true}]}}