{"id":11781,"date":"2022-10-06T12:12:42","date_gmt":"2022-10-06T12:12:42","guid":{"rendered":"https:\/\/demooweb.tk\/tetraon\/?page_id=11781"},"modified":"2023-10-04T10:50:51","modified_gmt":"2023-10-04T10:50:51","slug":"kurumsal","status":"publish","type":"page","link":"https:\/\/tetraon.com.tr\/en\/kurumsal\/","title":{"rendered":"About us"},"content":{"rendered":"<div data-elementor-type=\"wp-page\" data-elementor-id=\"11781\" class=\"elementor elementor-11781\">\n\t\t\t\t<div class=\"elementor-element elementor-element-d9e2986 e-flex e-con-boxed e-con e-parent\" data-id=\"d9e2986\" data-element_type=\"container\" data-core-v316-plus=\"true\">\n\t\t\t\t\t<div class=\"e-con-inner\">\n\t\t<div class=\"elementor-element elementor-element-a3cdc81 e-con-full e-flex e-con e-child\" data-id=\"a3cdc81\" data-element_type=\"container\" data-settings=\"{&quot;background_background&quot;:&quot;classic&quot;}\">\n\t\t\t\t<div class=\"elementor-element elementor-element-2ef230a elementor-widget elementor-widget-text-editor\" data-id=\"2ef230a\" data-element_type=\"widget\" data-widget_type=\"text-editor.default\">\n\t\t\t\t<div class=\"elementor-widget-container\">\n\t\t\t<style>\/*! elementor - v3.20.0 - 26-03-2024 *\/\n.elementor-widget-text-editor.elementor-drop-cap-view-stacked .elementor-drop-cap{background-color:#69727d;color:#fff}.elementor-widget-text-editor.elementor-drop-cap-view-framed .elementor-drop-cap{color:#69727d;border:3px solid;background-color:transparent}.elementor-widget-text-editor:not(.elementor-drop-cap-view-default) .elementor-drop-cap{margin-top:8px}.elementor-widget-text-editor:not(.elementor-drop-cap-view-default) .elementor-drop-cap-letter{width:1em;height:1em}.elementor-widget-text-editor .elementor-drop-cap{float:left;text-align:center;line-height:1;font-size:50px}.elementor-widget-text-editor .elementor-drop-cap-letter{display:inline-block}<\/style>\t\t\t\t<blockquote><p>Founded in 2015, Tetraon Medical Ltd. set out itself to be one of the leading Radiation Oncology Solution providers with being the exclusive distributor of ViewRay Inc. (www.viewray.com), World\u2019s first MRI Guided Radiotherapy System and achieved to sign &amp; execute the highest contract value for a single medical product of USD 8M in Turkey.<\/p><p>Based in the capital of Turkey, Ankara, having direct sales force in Istanbul &amp; Sub-distributors in 15 different regions of the country, Tetraon has the privilege to work with top-tier Public &amp; Private Hospital Chains such as, Ac\u0131badem Group, MD Anderson affiliated Amerikan Hospital &amp; Johns Hopkins affiliated Anadolu Medical Center and developed long lasting relations with physicians &amp; administrative in most popular hospitals in Turkey.<\/p><p>Having more than 15 years of experience in the distribution of medical disposable &amp; devices in Surgical, Medical Oncology &amp; Radiation Oncology field, our founders are actively working in the field developing the marketing and creating sales strategies.\n\u00a0\nHaving introducing unique products to Turkish market for so many years, our company also has the key knowledge of social security and private insurance practice for the creation of new reimbursement codes for new treatment modalities.<\/p><\/blockquote>\t\t\t\t\t\t<\/div>\n\t\t\t\t<\/div>\n\t\t\t\t<\/div>\n\t\t\t\t\t<\/div>\n\t\t\t\t<\/div>\n\t\t\t\t<\/div>","protected":false},"excerpt":{"rendered":"<p>2015 y\u0131l\u0131nda kurulan Tetraon Medical Ltd., D\u00fcnyan\u0131n ilk MRI K\u0131lavuzlu\u011funda Radyoterapi Sistemi olan amerikan ViewRay Inc.&#8217;in (www.viewray.com) tek yetkili distrib\u00fct\u00f6r\u00fc olarak, b\u00f6lgenin \u00f6nde gelen Radyasyon Onkolojisi \u00c7\u00f6z\u00fcm\u00fc sa\u011flay\u0131c\u0131lar\u0131ndan biri olma yolunda yola \u00e7\u0131km\u0131\u015f ve bir\u00e7ok ba\u015far\u0131l\u0131 projeye imza atmay\u0131 ba\u015farm\u0131\u015ft\u0131r. Merkezi Ankara\u2019da olan, \u0130stanbul&#8217;da do\u011frudan sat\u0131\u015f g\u00fcc\u00fcne ve \u00fclkenin 15 farkl\u0131 b\u00f6lgesinde alt distrib\u00fct\u00f6rleri ile &hellip;<\/p>\n<p class=\"read-more\"> <a class=\"\" href=\"https:\/\/tetraon.com.tr\/en\/kurumsal\/\"> <span class=\"screen-reader-text\">About us<\/span> Read More \u00bb<\/a><\/p>","protected":false},"author":6,"featured_media":0,"parent":0,"menu_order":0,"comment_status":"closed","ping_status":"closed","template":"","meta":{"site-sidebar-layout":"default","site-content-layout":"","ast-site-content-layout":"","site-content-style":"default","site-sidebar-style":"default","ast-global-header-display":"","ast-banner-title-visibility":"","ast-main-header-display":"","ast-hfb-above-header-display":"","ast-hfb-below-header-display":"","ast-hfb-mobile-header-display":"","site-post-title":"","ast-breadcrumbs-content":"","ast-featured-img":"","footer-sml-layout":"","theme-transparent-header-meta":"","adv-header-id-meta":"","stick-header-meta":"","header-above-stick-meta":"","header-main-stick-meta":"","header-below-stick-meta":"","astra-migrate-meta-layouts":"","footnotes":""},"class_list":["post-11781","page","type-page","status-publish","hentry"],"_links":{"self":[{"href":"https:\/\/tetraon.com.tr\/en\/wp-json\/wp\/v2\/pages\/11781","targetHints":{"allow":["GET"]}}],"collection":[{"href":"https:\/\/tetraon.com.tr\/en\/wp-json\/wp\/v2\/pages"}],"about":[{"href":"https:\/\/tetraon.com.tr\/en\/wp-json\/wp\/v2\/types\/page"}],"author":[{"embeddable":true,"href":"https:\/\/tetraon.com.tr\/en\/wp-json\/wp\/v2\/users\/6"}],"replies":[{"embeddable":true,"href":"https:\/\/tetraon.com.tr\/en\/wp-json\/wp\/v2\/comments?post=11781"}],"version-history":[{"count":0,"href":"https:\/\/tetraon.com.tr\/en\/wp-json\/wp\/v2\/pages\/11781\/revisions"}],"wp:attachment":[{"href":"https:\/\/tetraon.com.tr\/en\/wp-json\/wp\/v2\/media?parent=11781"}],"curies":[{"name":"wp","href":"https:\/\/api.w.org\/{rel}","templated":true}]}}